{"id":21,"date":"2019-04-09T11:56:51","date_gmt":"2019-04-09T09:56:51","guid":{"rendered":"https:\/\/cavaliers23.fr\/russie2019\/?page_id=21"},"modified":"2019-09-09T18:48:48","modified_gmt":"2019-09-09T16:48:48","slug":"les-pays-en-stan","status":"publish","type":"page","link":"https:\/\/cavaliers23.fr\/russie2019\/index.php\/les-pays-en-stan\/","title":{"rendered":"Les pays \u00ab\u00a0en stan\u00a0\u00bb"},"content":{"rendered":"<p>Pour voir la carte g\u00e9n\u00e9rale des pays \u00ab en stan \u00bb, cliquer ici : <a class=\"mon-lien\" href=\"https:\/\/cavaliers23.fr\/dld\/carte_2019_api_3.html\" target=\"_blank\" rel=\"noopener noreferrer\">carte g\u00e9n\u00e9rale<\/a><\/p>\n<p>&#8230; et les \u00e9tapes pour y arriver (ce sont des projets) :<\/p>\n<p><strong>Etape 1 jusqu&rsquo;\u00e0 Kertch<\/strong><br \/>\n<iframe loading=\"lazy\" src=\"https:\/\/www.google.com\/maps\/embed?pb=!1m46!1m12!1m3!1d15451288.955206554!2d12.181480275240924!3d49.04323314588658!2m3!1f0!2f0!3f0!3m2!1i1024!2i768!4f13.1!4m31!3e0!4m5!1s0x47e66e1f06e2b70f%3A0x40b82c3688c9460!2sParis!3m2!1d48.856614!2d2.3522219!4m5!1s0x46c3ce70e7425949%3A0x400cfcd68f311c0!2sZilupe%2C+Zilupes+pils%C4%93ta%2C+Lettonie!3m2!1d56.387721!2d28.1195609!4m5!1s0x4132a78d14da3a05%3A0x6ad84109759a19a0!2sBriansk%2C+Russie!3m2!1d53.263530599999996!2d34.416109999999996!4m5!1s0x40f04564714535b3%3A0xf720794f56c4beb6!2sKrasnodar%2C+Russie!3m2!1d45.0392674!2d38.9872209!4m5!1s0x40eebb51ff5ff529%3A0x6d73815391b25ff6!2sKertch!3m2!1d45.357313999999995!2d36.468292999999996!5e0!3m2!1sfr!2sfr!4v1554747776930!5m2!1sfr!2sfr\" width=\"100%\" height=\"500\" frameborder=\"0\" style=\"border:0\" allowfullscreen><\/iframe><\/p>\n<p><strong>Etape 2 jusqu&rsquo;\u00e0 Almaty<\/strong><br \/>\n<iframe loading=\"lazy\" src=\"https:\/\/www.google.com\/maps\/embed?pb=!1m28!1m12!1m3!1d11235513.305181982!2d47.63901348870747!3d46.56657067499689!2m3!1f0!2f0!3f0!3m2!1i1024!2i768!4f13.1!4m13!3e6!4m5!1s0x40eebb51ff5ff529%3A0x6d73815391b25ff6!2sKertch!3m2!1d45.357313999999995!2d36.468292999999996!4m5!1s0x38836e7d16c5cbab%3A0x3d44668fad986d76!2sAlmaty%2C+Kazakhstan!3m2!1d43.2220146!2d76.8512485!5e0!3m2!1sfr!2sfr!4v1554748150333!5m2!1sfr!2sfr\" width=\"100%\" height=\"500\" frameborder=\"0\" style=\"border:0\" allowfullscreen><\/iframe><\/p>\n<p><strong>Etape 3 jusqu&rsquo;\u00e0 Murghab<\/strong><br \/>\n<iframe loading=\"lazy\" src=\"https:\/\/www.google.com\/maps\/embed?pb=!1m32!1m12!1m3!1d3128923.7317945273!2d71.8980699706584!3d40.01761422588659!2m3!1f0!2f0!3f0!3m2!1i1024!2i768!4f13.1!4m17!3e0!4m5!1s0x38836e7d16c5cbab%3A0x3d44668fad986d76!2sAlmaty%2C+Kazakhstan!3m2!1d43.2220146!2d76.8512485!4m5!1s0x38ea591f94eb9d21%3A0x412a1caf98366619!2sMurgab%2C+Tadjikistan!3m2!1d38.1869138!2d73.9976946!4m3!3m2!1d37.0138404!2d72.6746169!5e0!3m2!1sfr!2sfr!4v1554748755379!5m2!1sfr!2sfr\" width=\"100%\" height=\"500\" frameborder=\"0\" style=\"border:0\" allowfullscreen><\/iframe><\/p>\n","protected":false},"excerpt":{"rendered":"<p>Pour voir la carte g\u00e9n\u00e9rale des pays \u00ab en stan \u00bb, cliquer ici : carte g\u00e9n\u00e9rale &#8230; et les \u00e9tapes pour y arriver (ce sont<span class=\"read-more-link\"><a class=\"read-more\" href=\"https:\/\/cavaliers23.fr\/russie2019\/index.php\/les-pays-en-stan\/\">Read More<\/a><\/span><\/p>\n","protected":false},"author":1,"featured_media":0,"parent":0,"menu_order":5,"comment_status":"closed","ping_status":"closed","template":"","meta":{"footnotes":""},"class_list":["post-21","page","type-page","status-publish","hentry"],"_links":{"self":[{"href":"https:\/\/cavaliers23.fr\/russie2019\/index.php\/wp-json\/wp\/v2\/pages\/21","targetHints":{"allow":["GET"]}}],"collection":[{"href":"https:\/\/cavaliers23.fr\/russie2019\/index.php\/wp-json\/wp\/v2\/pages"}],"about":[{"href":"https:\/\/cavaliers23.fr\/russie2019\/index.php\/wp-json\/wp\/v2\/types\/page"}],"author":[{"embeddable":true,"href":"https:\/\/cavaliers23.fr\/russie2019\/index.php\/wp-json\/wp\/v2\/users\/1"}],"replies":[{"embeddable":true,"href":"https:\/\/cavaliers23.fr\/russie2019\/index.php\/wp-json\/wp\/v2\/comments?post=21"}],"version-history":[{"count":4,"href":"https:\/\/cavaliers23.fr\/russie2019\/index.php\/wp-json\/wp\/v2\/pages\/21\/revisions"}],"predecessor-version":[{"id":29,"href":"https:\/\/cavaliers23.fr\/russie2019\/index.php\/wp-json\/wp\/v2\/pages\/21\/revisions\/29"}],"wp:attachment":[{"href":"https:\/\/cavaliers23.fr\/russie2019\/index.php\/wp-json\/wp\/v2\/media?parent=21"}],"curies":[{"name":"wp","href":"https:\/\/api.w.org\/{rel}","templated":true}]}}