{"id":1413,"date":"2016-11-24T16:59:47","date_gmt":"2016-11-24T15:59:47","guid":{"rendered":"http:\/\/cavaliers23.fr\/russie2016\/?page_id=1413"},"modified":"2016-11-25T16:11:47","modified_gmt":"2016-11-25T15:11:47","slug":"accueil","status":"publish","type":"page","link":"https:\/\/cavaliers23.fr\/russie2016\/","title":{"rendered":"Bonjour !"},"content":{"rendered":"<p>Vous pouvez voir le blog :<br \/>\n&#8211; dans l&rsquo;ordre traditionnel &#8212;on commence par ce qui est le plus r\u00e9cent&#8212; cliquer <a href=\"https:\/\/cavaliers23.fr\/russie2016\/index.php\/2016\/?order=dsc\">ici<\/a><br \/>\n&#8211; dans l&rsquo;ordre chronologique &#8212;on commence par le d\u00e9but du voyage&#8212; cliquer <a href=\"https:\/\/cavaliers23.fr\/russie2016\/index.php\/2016\/?order=asc\">ici<\/a><br \/>\nBonne lecture !<\/p>\n<p>Dani\u00e8le et Jean-Louis<\/p>\n","protected":false},"excerpt":{"rendered":"<p>Vous pouvez voir le blog : &#8211; dans l&rsquo;ordre traditionnel &#8212;on commence par ce qui est le plus r\u00e9cent&#8212; cliquer ici &#8211; dans l&rsquo;ordre chronologique &#8212;on commence par le d\u00e9but du voyage&#8212; cliquer ici Bonne lecture ! Dani\u00e8le et Jean-Louis<\/p>\n","protected":false},"author":1,"featured_media":0,"parent":0,"menu_order":0,"comment_status":"closed","ping_status":"closed","template":"","meta":{"footnotes":""},"class_list":["post-1413","page","type-page","status-publish","hentry"],"_links":{"self":[{"href":"https:\/\/cavaliers23.fr\/russie2016\/index.php\/wp-json\/wp\/v2\/pages\/1413","targetHints":{"allow":["GET"]}}],"collection":[{"href":"https:\/\/cavaliers23.fr\/russie2016\/index.php\/wp-json\/wp\/v2\/pages"}],"about":[{"href":"https:\/\/cavaliers23.fr\/russie2016\/index.php\/wp-json\/wp\/v2\/types\/page"}],"author":[{"embeddable":true,"href":"https:\/\/cavaliers23.fr\/russie2016\/index.php\/wp-json\/wp\/v2\/users\/1"}],"replies":[{"embeddable":true,"href":"https:\/\/cavaliers23.fr\/russie2016\/index.php\/wp-json\/wp\/v2\/comments?post=1413"}],"version-history":[{"count":5,"href":"https:\/\/cavaliers23.fr\/russie2016\/index.php\/wp-json\/wp\/v2\/pages\/1413\/revisions"}],"predecessor-version":[{"id":1442,"href":"https:\/\/cavaliers23.fr\/russie2016\/index.php\/wp-json\/wp\/v2\/pages\/1413\/revisions\/1442"}],"wp:attachment":[{"href":"https:\/\/cavaliers23.fr\/russie2016\/index.php\/wp-json\/wp\/v2\/media?parent=1413"}],"curies":[{"name":"wp","href":"https:\/\/api.w.org\/{rel}","templated":true}]}}