{"id":625,"date":"2025-07-06T18:27:20","date_gmt":"2025-07-06T16:27:20","guid":{"rendered":"https:\/\/cavaliers23.fr\/europe2025\/?page_id=625"},"modified":"2025-07-06T18:42:39","modified_gmt":"2025-07-06T16:42:39","slug":"iti-24-et-25","status":"publish","type":"page","link":"https:\/\/cavaliers23.fr\/europe2025\/iti-24-et-25\/","title":{"rendered":"ITI 24 et 25"},"content":{"rendered":"<p>Avec le petit contr\u00f4le en haut \u00e0 droite de la carte, vous pouvez changer le fond de carte et afficher l&rsquo;itin\u00e9raire 2024 (en vert) ou l&rsquo;itin\u00e9raire 2025 (en rouge).<br \/>\n<iframe loading=\"lazy\" src=\"https:\/\/cavaliers23.fr\/dld\/sardaigne\/iti_sardaigne_2025.html\" width=\"100%\" height=\"725\"><\/iframe><\/p>\n","protected":false},"excerpt":{"rendered":"<p>Avec le petit contr\u00f4le en haut \u00e0 droite de la carte, vous pouvez changer le fond de carte et afficher l&rsquo;itin\u00e9raire 2024 (en vert) ou<span class=\"read-more-link\"><a class=\"read-more\" href=\"https:\/\/cavaliers23.fr\/europe2025\/iti-24-et-25\/\">Read More<\/a><\/span><\/p>\n","protected":false},"author":1,"featured_media":0,"parent":0,"menu_order":0,"comment_status":"closed","ping_status":"closed","template":"","meta":{"footnotes":""},"class_list":["post-625","page","type-page","status-publish","hentry"],"_links":{"self":[{"href":"https:\/\/cavaliers23.fr\/europe2025\/wp-json\/wp\/v2\/pages\/625","targetHints":{"allow":["GET"]}}],"collection":[{"href":"https:\/\/cavaliers23.fr\/europe2025\/wp-json\/wp\/v2\/pages"}],"about":[{"href":"https:\/\/cavaliers23.fr\/europe2025\/wp-json\/wp\/v2\/types\/page"}],"author":[{"embeddable":true,"href":"https:\/\/cavaliers23.fr\/europe2025\/wp-json\/wp\/v2\/users\/1"}],"replies":[{"embeddable":true,"href":"https:\/\/cavaliers23.fr\/europe2025\/wp-json\/wp\/v2\/comments?post=625"}],"version-history":[{"count":5,"href":"https:\/\/cavaliers23.fr\/europe2025\/wp-json\/wp\/v2\/pages\/625\/revisions"}],"predecessor-version":[{"id":631,"href":"https:\/\/cavaliers23.fr\/europe2025\/wp-json\/wp\/v2\/pages\/625\/revisions\/631"}],"wp:attachment":[{"href":"https:\/\/cavaliers23.fr\/europe2025\/wp-json\/wp\/v2\/media?parent=625"}],"curies":[{"name":"wp","href":"https:\/\/api.w.org\/{rel}","templated":true}]}}