{"id":1174,"date":"2023-08-17T16:00:31","date_gmt":"2023-08-17T14:00:31","guid":{"rendered":"https:\/\/cavaliers23.fr\/caucase2023\/?page_id=1174"},"modified":"2023-08-17T16:05:50","modified_gmt":"2023-08-17T14:05:50","slug":"trolleybus","status":"publish","type":"page","link":"https:\/\/cavaliers23.fr\/caucase2023\/index.php\/trolleybus\/","title":{"rendered":"Trolleybus"},"content":{"rendered":"<p>\u00c0 la demande d&rsquo;Alain D., trolleybusophile distingu\u00e9, ce diaporama hardiment copi\u00e9 sur la page de Reinis Fischer \u00ab History of Tram and Trolleybus systems in Tbilisi and Georgia \u00bb (source : https:\/\/www.reinisfischer.com\/history-tram-and-trolleybus-systems-tbilisi-and-georgia) :<br \/>\n<div id=\"metaslider-id-1177\" style=\"max-width: 830px; margin: 0 auto;\" class=\"ml-slider-3-107-0 metaslider metaslider-flex metaslider-1177 ml-slider has-dots-nav ms-theme-default\" role=\"region\" aria-label=\"trolley\" data-height=\"540\" data-width=\"830\">\n    <div id=\"metaslider_container_1177\">\n        <div id=\"metaslider_1177\">\n            <ul class='slides'>\n                <li style=\"display: block; width: 100%;\" class=\"slide-1197 ms-image \" aria-roledescription=\"slide\" data-date=\"2023-08-17 16:03:55\" data-filename=\"01.jpg\" data-slide-type=\"image\"><img loading=\"lazy\" decoding=\"async\" src=\"https:\/\/cavaliers23.fr\/caucase2023\/wp-content\/uploads\/2023\/08\/01.jpg\" height=\"540\" width=\"830\" alt=\"\" class=\"slider-1177 slide-1197 msDefaultImage\" title=\"01\" \/><\/li>\n                <li style=\"display: none; width: 100%;\" class=\"slide-1198 ms-image \" aria-roledescription=\"slide\" data-date=\"2023-08-17 16:03:55\" data-filename=\"02.jpg\" data-slide-type=\"image\"><img loading=\"lazy\" decoding=\"async\" src=\"https:\/\/cavaliers23.fr\/caucase2023\/wp-content\/uploads\/2023\/08\/02.jpg\" height=\"540\" width=\"830\" alt=\"\" class=\"slider-1177 slide-1198 msDefaultImage\" title=\"02\" \/><\/li>\n                <li style=\"display: none; width: 100%;\" class=\"slide-1199 ms-image \" aria-roledescription=\"slide\" data-date=\"2023-08-17 16:03:56\" data-filename=\"03.jpg\" data-slide-type=\"image\"><img loading=\"lazy\" decoding=\"async\" src=\"https:\/\/cavaliers23.fr\/caucase2023\/wp-content\/uploads\/2023\/08\/03.jpg\" height=\"540\" width=\"830\" alt=\"\" class=\"slider-1177 slide-1199 msDefaultImage\" title=\"03\" \/><\/li>\n                <li style=\"display: none; width: 100%;\" class=\"slide-1200 ms-image \" aria-roledescription=\"slide\" data-date=\"2023-08-17 16:03:56\" data-filename=\"04.jpg\" data-slide-type=\"image\"><img loading=\"lazy\" decoding=\"async\" src=\"https:\/\/cavaliers23.fr\/caucase2023\/wp-content\/uploads\/2023\/08\/04.jpg\" height=\"540\" width=\"830\" alt=\"\" class=\"slider-1177 slide-1200 msDefaultImage\" title=\"04\" \/><\/li>\n                <li style=\"display: none; width: 100%;\" class=\"slide-1201 ms-image \" aria-roledescription=\"slide\" data-date=\"2023-08-17 16:03:56\" data-filename=\"05.jpg\" data-slide-type=\"image\"><img loading=\"lazy\" decoding=\"async\" src=\"https:\/\/cavaliers23.fr\/caucase2023\/wp-content\/uploads\/2023\/08\/05.jpg\" height=\"540\" width=\"830\" alt=\"\" class=\"slider-1177 slide-1201 msDefaultImage\" title=\"05\" \/><\/li>\n                <li style=\"display: none; width: 100%;\" class=\"slide-1202 ms-image \" aria-roledescription=\"slide\" data-date=\"2023-08-17 16:03:57\" data-filename=\"06.jpg\" data-slide-type=\"image\"><img loading=\"lazy\" decoding=\"async\" src=\"https:\/\/cavaliers23.fr\/caucase2023\/wp-content\/uploads\/2023\/08\/06.jpg\" height=\"540\" width=\"830\" alt=\"\" class=\"slider-1177 slide-1202 msDefaultImage\" title=\"06\" \/><\/li>\n                <li style=\"display: none; width: 100%;\" class=\"slide-1203 ms-image \" aria-roledescription=\"slide\" data-date=\"2023-08-17 16:03:57\" data-filename=\"07.jpg\" data-slide-type=\"image\"><img loading=\"lazy\" decoding=\"async\" src=\"https:\/\/cavaliers23.fr\/caucase2023\/wp-content\/uploads\/2023\/08\/07.jpg\" height=\"540\" width=\"830\" alt=\"\" class=\"slider-1177 slide-1203 msDefaultImage\" title=\"07\" \/><\/li>\n                <li style=\"display: none; width: 100%;\" class=\"slide-1204 ms-image \" aria-roledescription=\"slide\" data-date=\"2023-08-17 16:03:58\" data-filename=\"08.jpg\" data-slide-type=\"image\"><img loading=\"lazy\" decoding=\"async\" src=\"https:\/\/cavaliers23.fr\/caucase2023\/wp-content\/uploads\/2023\/08\/08.jpg\" height=\"540\" width=\"830\" alt=\"\" class=\"slider-1177 slide-1204 msDefaultImage\" title=\"08\" \/><\/li>\n                <li style=\"display: none; width: 100%;\" class=\"slide-1205 ms-image \" aria-roledescription=\"slide\" data-date=\"2023-08-17 16:03:58\" data-filename=\"09.jpg\" data-slide-type=\"image\"><img loading=\"lazy\" decoding=\"async\" src=\"https:\/\/cavaliers23.fr\/caucase2023\/wp-content\/uploads\/2023\/08\/09.jpg\" height=\"540\" width=\"830\" alt=\"\" class=\"slider-1177 slide-1205 msDefaultImage\" title=\"09\" \/><\/li>\n                <li style=\"display: none; width: 100%;\" class=\"slide-1206 ms-image \" aria-roledescription=\"slide\" data-date=\"2023-08-17 16:03:59\" data-filename=\"10.jpg\" data-slide-type=\"image\"><img loading=\"lazy\" decoding=\"async\" src=\"https:\/\/cavaliers23.fr\/caucase2023\/wp-content\/uploads\/2023\/08\/10.jpg\" height=\"540\" width=\"830\" alt=\"\" class=\"slider-1177 slide-1206 msDefaultImage\" title=\"10\" \/><\/li>\n                <li style=\"display: none; width: 100%;\" class=\"slide-1207 ms-image \" aria-roledescription=\"slide\" data-date=\"2023-08-17 16:04:00\" data-filename=\"11.jpg\" data-slide-type=\"image\"><img loading=\"lazy\" decoding=\"async\" src=\"https:\/\/cavaliers23.fr\/caucase2023\/wp-content\/uploads\/2023\/08\/11.jpg\" height=\"540\" width=\"830\" alt=\"\" class=\"slider-1177 slide-1207 msDefaultImage\" title=\"11\" \/><\/li>\n                <li style=\"display: none; width: 100%;\" class=\"slide-1208 ms-image \" aria-roledescription=\"slide\" data-date=\"2023-08-17 16:04:01\" data-filename=\"12.jpg\" data-slide-type=\"image\"><img loading=\"lazy\" decoding=\"async\" src=\"https:\/\/cavaliers23.fr\/caucase2023\/wp-content\/uploads\/2023\/08\/12.jpg\" height=\"540\" width=\"830\" alt=\"\" class=\"slider-1177 slide-1208 msDefaultImage\" title=\"12\" \/><\/li>\n                <li style=\"display: none; width: 100%;\" class=\"slide-1209 ms-image \" aria-roledescription=\"slide\" data-date=\"2023-08-17 16:04:02\" data-filename=\"13.jpg\" data-slide-type=\"image\"><img loading=\"lazy\" decoding=\"async\" src=\"https:\/\/cavaliers23.fr\/caucase2023\/wp-content\/uploads\/2023\/08\/13.jpg\" height=\"540\" width=\"830\" alt=\"\" class=\"slider-1177 slide-1209 msDefaultImage\" title=\"13\" \/><\/li>\n                <li style=\"display: none; width: 100%;\" class=\"slide-1210 ms-image \" aria-roledescription=\"slide\" data-date=\"2023-08-17 16:04:02\" data-filename=\"14.jpg\" data-slide-type=\"image\"><img loading=\"lazy\" decoding=\"async\" src=\"https:\/\/cavaliers23.fr\/caucase2023\/wp-content\/uploads\/2023\/08\/14.jpg\" height=\"540\" width=\"830\" alt=\"\" class=\"slider-1177 slide-1210 msDefaultImage\" title=\"14\" \/><\/li>\n                <li style=\"display: none; width: 100%;\" class=\"slide-1211 ms-image \" aria-roledescription=\"slide\" data-date=\"2023-08-17 16:04:03\" data-filename=\"15.jpg\" data-slide-type=\"image\"><img loading=\"lazy\" decoding=\"async\" src=\"https:\/\/cavaliers23.fr\/caucase2023\/wp-content\/uploads\/2023\/08\/15.jpg\" height=\"540\" width=\"830\" alt=\"\" class=\"slider-1177 slide-1211 msDefaultImage\" title=\"15\" \/><\/li>\n                <li style=\"display: none; width: 100%;\" class=\"slide-1212 ms-image \" aria-roledescription=\"slide\" data-date=\"2023-08-17 16:04:03\" data-filename=\"16.jpg\" data-slide-type=\"image\"><img loading=\"lazy\" decoding=\"async\" src=\"https:\/\/cavaliers23.fr\/caucase2023\/wp-content\/uploads\/2023\/08\/16.jpg\" height=\"540\" width=\"830\" alt=\"\" class=\"slider-1177 slide-1212 msDefaultImage\" title=\"16\" \/><\/li>\n                <li style=\"display: none; width: 100%;\" class=\"slide-1213 ms-image \" aria-roledescription=\"slide\" data-date=\"2023-08-17 16:04:04\" data-filename=\"17.jpg\" data-slide-type=\"image\"><img loading=\"lazy\" decoding=\"async\" src=\"https:\/\/cavaliers23.fr\/caucase2023\/wp-content\/uploads\/2023\/08\/17.jpg\" height=\"540\" width=\"830\" alt=\"\" class=\"slider-1177 slide-1213 msDefaultImage\" title=\"17\" \/><\/li>\n                <li style=\"display: none; width: 100%;\" class=\"slide-1214 ms-image \" aria-roledescription=\"slide\" data-date=\"2023-08-17 16:04:05\" data-filename=\"18.jpg\" data-slide-type=\"image\"><img loading=\"lazy\" decoding=\"async\" src=\"https:\/\/cavaliers23.fr\/caucase2023\/wp-content\/uploads\/2023\/08\/18.jpg\" height=\"540\" width=\"830\" alt=\"\" class=\"slider-1177 slide-1214 msDefaultImage\" title=\"18\" \/><\/li>\n                <li style=\"display: none; width: 100%;\" class=\"slide-1215 ms-image \" aria-roledescription=\"slide\" data-date=\"2023-08-17 16:04:06\" data-filename=\"19.jpg\" data-slide-type=\"image\"><img loading=\"lazy\" decoding=\"async\" src=\"https:\/\/cavaliers23.fr\/caucase2023\/wp-content\/uploads\/2023\/08\/19.jpg\" height=\"540\" width=\"830\" alt=\"\" class=\"slider-1177 slide-1215 msDefaultImage\" title=\"19\" \/><\/li>\n            <\/ul>\n        <\/div>\n        \n    <\/div>\n<\/div><\/p>\n","protected":false},"excerpt":{"rendered":"<p>\u00c0 la demande d&rsquo;Alain D., trolleybusophile distingu\u00e9, ce diaporama hardiment copi\u00e9 sur la page de Reinis Fischer \u00ab History of Tram and Trolleybus systems in<span class=\"read-more-link\"><a class=\"read-more\" href=\"https:\/\/cavaliers23.fr\/caucase2023\/index.php\/trolleybus\/\">Read More<\/a><\/span><\/p>\n","protected":false},"author":1,"featured_media":0,"parent":0,"menu_order":0,"comment_status":"closed","ping_status":"closed","template":"","meta":{"footnotes":""},"class_list":["post-1174","page","type-page","status-publish","hentry"],"_links":{"self":[{"href":"https:\/\/cavaliers23.fr\/caucase2023\/index.php\/wp-json\/wp\/v2\/pages\/1174","targetHints":{"allow":["GET"]}}],"collection":[{"href":"https:\/\/cavaliers23.fr\/caucase2023\/index.php\/wp-json\/wp\/v2\/pages"}],"about":[{"href":"https:\/\/cavaliers23.fr\/caucase2023\/index.php\/wp-json\/wp\/v2\/types\/page"}],"author":[{"embeddable":true,"href":"https:\/\/cavaliers23.fr\/caucase2023\/index.php\/wp-json\/wp\/v2\/users\/1"}],"replies":[{"embeddable":true,"href":"https:\/\/cavaliers23.fr\/caucase2023\/index.php\/wp-json\/wp\/v2\/comments?post=1174"}],"version-history":[{"count":2,"href":"https:\/\/cavaliers23.fr\/caucase2023\/index.php\/wp-json\/wp\/v2\/pages\/1174\/revisions"}],"predecessor-version":[{"id":1216,"href":"https:\/\/cavaliers23.fr\/caucase2023\/index.php\/wp-json\/wp\/v2\/pages\/1174\/revisions\/1216"}],"wp:attachment":[{"href":"https:\/\/cavaliers23.fr\/caucase2023\/index.php\/wp-json\/wp\/v2\/media?parent=1174"}],"curies":[{"name":"wp","href":"https:\/\/api.w.org\/{rel}","templated":true}]}}