{"id":1169,"date":"2023-08-14T20:34:17","date_gmt":"2023-08-14T18:34:17","guid":{"rendered":"https:\/\/cavaliers23.fr\/caucase2023\/?page_id=1169"},"modified":"2023-08-14T20:35:16","modified_gmt":"2023-08-14T18:35:16","slug":"itineraire-complet","status":"publish","type":"page","link":"https:\/\/cavaliers23.fr\/caucase2023\/index.php\/itineraire-complet\/","title":{"rendered":"Itin\u00e9raire complet"},"content":{"rendered":"<p><iframe loading=\"lazy\" src=\"https:\/\/cavaliers23.fr\/dld\/iti_caucase_2023.html\" width=\"100%\" height=\"625\"><\/iframe><br \/>\nUtiliser le contr\u00f4le en haut \u00e0 droite de la carte, pour afficher l&rsquo;itin\u00e9raire 2023 (en rouge) et l&rsquo;itin\u00e9raire 2022 (en vert).<\/p>\n","protected":false},"excerpt":{"rendered":"<p>Utiliser le contr\u00f4le en haut \u00e0 droite de la carte, pour afficher l&rsquo;itin\u00e9raire 2023 (en rouge) et l&rsquo;itin\u00e9raire 2022 (en vert).<\/p>\n","protected":false},"author":1,"featured_media":0,"parent":0,"menu_order":0,"comment_status":"closed","ping_status":"closed","template":"","meta":{"footnotes":""},"class_list":["post-1169","page","type-page","status-publish","hentry"],"_links":{"self":[{"href":"https:\/\/cavaliers23.fr\/caucase2023\/index.php\/wp-json\/wp\/v2\/pages\/1169","targetHints":{"allow":["GET"]}}],"collection":[{"href":"https:\/\/cavaliers23.fr\/caucase2023\/index.php\/wp-json\/wp\/v2\/pages"}],"about":[{"href":"https:\/\/cavaliers23.fr\/caucase2023\/index.php\/wp-json\/wp\/v2\/types\/page"}],"author":[{"embeddable":true,"href":"https:\/\/cavaliers23.fr\/caucase2023\/index.php\/wp-json\/wp\/v2\/users\/1"}],"replies":[{"embeddable":true,"href":"https:\/\/cavaliers23.fr\/caucase2023\/index.php\/wp-json\/wp\/v2\/comments?post=1169"}],"version-history":[{"count":2,"href":"https:\/\/cavaliers23.fr\/caucase2023\/index.php\/wp-json\/wp\/v2\/pages\/1169\/revisions"}],"predecessor-version":[{"id":1172,"href":"https:\/\/cavaliers23.fr\/caucase2023\/index.php\/wp-json\/wp\/v2\/pages\/1169\/revisions\/1172"}],"wp:attachment":[{"href":"https:\/\/cavaliers23.fr\/caucase2023\/index.php\/wp-json\/wp\/v2\/media?parent=1169"}],"curies":[{"name":"wp","href":"https:\/\/api.w.org\/{rel}","templated":true}]}}